{"id":3493,"date":"2020-02-07T02:16:44","date_gmt":"2020-02-07T02:16:44","guid":{"rendered":"https:\/\/demo.casethemes.net\/consultio-law\/?page_id=3493"},"modified":"2024-09-17T09:07:31","modified_gmt":"2024-09-17T09:07:31","slug":"clinic","status":"publish","type":"page","link":"https:\/\/drcemipek.com\/de\/clinic\/","title":{"rendered":"Arztpraxis"},"content":{"rendered":"<div data-elementor-type=\"wp-page\" data-elementor-id=\"3493\" class=\"elementor elementor-3493\" data-elementor-post-type=\"page\">\n\t\t\t\t<div class=\"elementor-element elementor-element-79b7dfd e-flex e-con-boxed e-con e-parent\" data-id=\"79b7dfd\" data-element_type=\"container\">\n\t\t\t\t\t<div class=\"e-con-inner\">\n\t\t\t\t<div class=\"elementor-element elementor-element-80fbaf7 elementor-widget elementor-widget-photo_panorama_el\" data-id=\"80fbaf7\" data-element_type=\"widget\" data-widget_type=\"photo_panorama_el.default\">\n\t\t\t\t<div class=\"elementor-widget-container\">\n\t\t\t<style>\n            <\/style>\n\n<div id=\"ps_el_69f0d690ab3c7\"\n     class=\"ps-el-viewer\">\n\t\n\t\n\n<div class=\"ps_el_box\">\n\t    <div class=\"glr bottom row-6 js-glr\">\n        <div class=\"glr__main\" style=\"\">\n            <div class=\"glr__list js-glr-list\"  style=\"\">\n\t\t\t\t                    <div class=\"glr__item active js-glr-item\" data-full-img=\"https:\/\/drcemipek.com\/wp-content\/uploads\/2024\/08\/IMG_20231027_144754_00_016.jpg\" data-scene_id=\"0\">\n                        <div class=\"glr__item-inner\">\n                            <img decoding=\"async\" class=\"js-bg\" src=\"https:\/\/drcemipek.com\/wp-content\/uploads\/2024\/08\/IMG_20231027_144754_00_016.jpg\">\n                        <\/div>\n                    <\/div>\n\t\t\t\t                    <div class=\"glr__item  js-glr-item\" data-full-img=\"https:\/\/drcemipek.com\/wp-content\/uploads\/2024\/08\/IMG_20231027_144704_00_015.jpg\" data-scene_id=\"1\">\n                        <div class=\"glr__item-inner\">\n                            <img decoding=\"async\" class=\"js-bg\" src=\"https:\/\/drcemipek.com\/wp-content\/uploads\/2024\/08\/IMG_20231027_144704_00_015-150x150.jpg\">\n                        <\/div>\n                    <\/div>\n\t\t\t\t                    <div class=\"glr__item  js-glr-item\" data-full-img=\"https:\/\/drcemipek.com\/wp-content\/uploads\/2024\/08\/IMG_20231027_145731_00_020.jpg\" data-scene_id=\"2\">\n                        <div class=\"glr__item-inner\">\n                            <img decoding=\"async\" class=\"js-bg\" src=\"https:\/\/drcemipek.com\/wp-content\/uploads\/2024\/08\/IMG_20231027_145731_00_020-150x150.jpg\">\n                        <\/div>\n                    <\/div>\n\t\t\t\t                    <div class=\"glr__item  js-glr-item\" data-full-img=\"https:\/\/drcemipek.com\/wp-content\/uploads\/2024\/08\/IMG_20231027_145007_00_018.jpg\" data-scene_id=\"3\">\n                        <div class=\"glr__item-inner\">\n                            <img decoding=\"async\" class=\"js-bg\" src=\"https:\/\/drcemipek.com\/wp-content\/uploads\/2024\/08\/IMG_20231027_145007_00_018-150x150.jpg\">\n                        <\/div>\n                    <\/div>\n\t\t\t\t                    <div class=\"glr__item  js-glr-item\" data-full-img=\"https:\/\/drcemipek.com\/wp-content\/uploads\/2024\/08\/IMG_20231027_145415_00_019.jpg\" data-scene_id=\"4\">\n                        <div class=\"glr__item-inner\">\n                            <img decoding=\"async\" class=\"js-bg\" src=\"https:\/\/drcemipek.com\/wp-content\/uploads\/2024\/08\/IMG_20231027_145415_00_019-150x150.jpg\">\n                        <\/div>\n                    <\/div>\n\t\t\t\t                    <div class=\"glr__item  js-glr-item\" data-full-img=\"https:\/\/drcemipek.com\/wp-content\/uploads\/2024\/08\/IMG_20231027_144912_00_017.jpg\" data-scene_id=\"5\">\n                        <div class=\"glr__item-inner\">\n                            <img decoding=\"async\" class=\"js-bg\" src=\"https:\/\/drcemipek.com\/wp-content\/uploads\/2024\/08\/IMG_20231027_144912_00_017-150x150.jpg\">\n                        <\/div>\n                    <\/div>\n\t\t\t\t                    <div class=\"glr__item  js-glr-item\" data-full-img=\"https:\/\/drcemipek.com\/wp-content\/uploads\/2024\/08\/IMG_20231027_153538_00_024.jpg\" data-scene_id=\"6\">\n                        <div class=\"glr__item-inner\">\n                            <img decoding=\"async\" class=\"js-bg\" src=\"https:\/\/drcemipek.com\/wp-content\/uploads\/2024\/08\/IMG_20231027_153538_00_024-150x150.jpg\">\n                        <\/div>\n                    <\/div>\n\t\t\t\t\n            <\/div>\n        <\/div>\n\t\t            <div class=\"glr__arrow prev js-glr-arrow\">\n                <svg class=\"glr__arrow-svg\" xmlns=\"http:\/\/www.w3.org\/2000\/svg\" viewbox=\"0 0 512 512\">\n                    <path d=\"M217.9 256L345 129c9.4-9.4 9.4-24.6 0-33.9-9.4-9.4-24.6-9.3-34 0L167 239c-9.1 9.1-9.3 23.7-.7 33.1L310.9 417c4.7 4.7 10.9 7 17 7s12.3-2.3 17-7c9.4-9.4 9.4-24.6 0-33.9L217.9 256z\" \/>\n                <\/svg>\n            <\/div>\n\n            <div class=\"glr__arrow next js-glr-arrow\">\n                <svg class=\"glr__arrow-svg\" xmlns=\"http:\/\/www.w3.org\/2000\/svg\" viewbox=\"0 0 512 512\">\n                    <path d=\"M294.1 256L167 129c-9.4-9.4-9.4-24.6 0-33.9s24.6-9.3 34 0L345 239c9.1 9.1 9.3 23.7.7 33.1L201.1 417c-4.7 4.7-10.9 7-17 7s-12.3-2.3-17-7c-9.4-9.4-9.4-24.6 0-33.9l127-127.1z\" \/>\n                <\/svg>\n            <\/div>\n\t\t    <\/div>\n\n<\/div>\n\n<\/div>\n<script>\n\tif (typeof window.photo_panorama_el_params === 'undefined') {\n\t\twindow.photo_panorama_el_params = {};\n\t}\n\tphoto_panorama_el_params['ps_el_69f0d690ab3c7'] = {\"content_width\":\"full\",\"panorama\":\"https:\\\/\\\/drcemipek.com\\\/wp-content\\\/uploads\\\/2024\\\/08\\\/IMG_20231027_144754_00_016.jpg\",\"type_height\":\"default\",\"mousewheel\":\"true\",\"default_lat\":\"-8deg\",\"default_fov\":80,\"loading_txt\":\"Loading...\",\"virtual_tour_enable\":\"true\",\"virtual_tour\":[{\"url\":\"https:\\\/\\\/drcemipek.com\\\/wp-content\\\/uploads\\\/2024\\\/08\\\/IMG_20231027_144754_00_016.jpg\"},{\"id\":4701,\"url\":\"https:\\\/\\\/drcemipek.com\\\/wp-content\\\/uploads\\\/2024\\\/08\\\/IMG_20231027_144704_00_015.jpg\"},{\"id\":4696,\"url\":\"https:\\\/\\\/drcemipek.com\\\/wp-content\\\/uploads\\\/2024\\\/08\\\/IMG_20231027_145731_00_020.jpg\"},{\"id\":4697,\"url\":\"https:\\\/\\\/drcemipek.com\\\/wp-content\\\/uploads\\\/2024\\\/08\\\/IMG_20231027_145007_00_018.jpg\"},{\"id\":4695,\"url\":\"https:\\\/\\\/drcemipek.com\\\/wp-content\\\/uploads\\\/2024\\\/08\\\/IMG_20231027_145415_00_019.jpg\"},{\"id\":4699,\"url\":\"https:\\\/\\\/drcemipek.com\\\/wp-content\\\/uploads\\\/2024\\\/08\\\/IMG_20231027_144912_00_017.jpg\"},{\"id\":4698,\"url\":\"https:\\\/\\\/drcemipek.com\\\/wp-content\\\/uploads\\\/2024\\\/08\\\/IMG_20231027_153538_00_024.jpg\"}],\"gallery_enable\":\"true\",\"ep_parallax_effects_transition_for\":\"all\",\"ep_parallax_effects_transition_duration\":\"100\",\"ep_parallax_effects_transition_easing\":\"linear\",\"element_pack_widget_effect_transition_duration\":\"300\",\"element_pack_widget_effect_transition_easing\":\"ease-out\",\"position\":\"bottom\",\"gallery_count\":\"6\",\"mousemove\":\"true\",\"move_speed\":\"2\",\"default_long\":\"0\",\"anim_speed\":\"1rpm\",\"element_pack_wrapper_link\":{\"url\":\"\",\"is_external\":\"\",\"nofollow\":\"\",\"custom_attributes\":\"\"},\"container_id\":\"69f0d690ab3c7\",\"size\":{\"height\":\"400\"},\"time_anim\":false,\"zoom_speed\":\"2\",\"min_fov\":10,\"max_fov\":90,\"transition\":{\"duration\":1000,\"loader\":true},\"navbar\":false,\"caption\":false,\"as_bg\":false,\"mousemove_hover\":false,\"enable_marker\":false,\"navbar_enable\":false,\"display_markers\":false,\"display_gyroscope\":false,\"display_caption\":false,\"display_stereo\":false,\"enable_cropped\":false};\n<\/script>\n\t\t<\/div>\n\t\t\t\t<\/div>\n\t\t\t\t\t<\/div>\n\t\t\t\t<\/div>\n\t\t<div class=\"elementor-element elementor-element-b984b93 e-flex e-con-boxed e-con e-parent\" data-id=\"b984b93\" data-element_type=\"container\">\n\t\t\t\t\t<div class=\"e-con-inner\">\n\t\t\t\t\t<\/div>\n\t\t\t\t<\/div>\n\t\t        <section class=\"elementor-section elementor-top-section elementor-element elementor-element-f3ec043 elementor-section-boxed elementor-section-height-default elementor-section-height-default ct-header-fixed-none ct-row-max-none\" data-id=\"f3ec043\" data-element_type=\"section\">\n            \n                        <div class=\"elementor-container elementor-column-gap-default\">\n                    <div class=\"elementor-column elementor-col-100 elementor-top-column elementor-element elementor-element-8f6aa2f\" data-id=\"8f6aa2f\" data-element_type=\"column\">\n        <div class=\"elementor-widget-wrap elementor-element-populated\">\n                    \n                <section class=\"elementor-section elementor-inner-section elementor-element elementor-element-0f2a68a elementor-section-boxed elementor-section-height-default elementor-section-height-default ct-header-fixed-none ct-row-max-none\" data-id=\"0f2a68a\" data-element_type=\"section\">\n            \n                        <div class=\"elementor-container elementor-column-gap-extended\">\n                    <div class=\"elementor-column elementor-col-100 elementor-inner-column elementor-element elementor-element-6ba1fbf\" data-id=\"6ba1fbf\" data-element_type=\"column\">\n        <div class=\"elementor-widget-wrap elementor-element-populated\">\n                    \n        \t\t<div class=\"elementor-element elementor-element-5a641e7 elementor-widget elementor-widget-ct_heading\" data-id=\"5a641e7\" data-element_type=\"widget\" data-widget_type=\"ct_heading.default\">\n\t\t\t\t<div class=\"elementor-widget-container\">\n\t\t\t<div id=\"ct_heading-5a641e7\" class=\"ct-heading h-align- sub- ct-heading-left item-st-line-left1\">\r\n\t<div class=\"ct-item--inner\">\r\n        <div class=\"ct-inline-css\"  data-css=\"            \">\r\n        <\/div>\r\n                <h3 class=\"item--title st-line-left1 case-animate-time\" data-wow-delay=\"ms\">\r\n                        <span class=\"sp-main\">\r\n                                    <i><\/i>\r\n                \r\n                Op. Dr. Cem IPEK Urologie und Andrologie Chirurgie\r\n                \r\n                            <\/span>\r\n                    <\/h3>\r\n    <\/div>\r\n<\/div>\t\t<\/div>\n\t\t\t\t<\/div>\n\t\t\t\t<div class=\"elementor-element elementor-element-7508408 elementor-widget elementor-widget-text-editor\" data-id=\"7508408\" data-element_type=\"widget\" data-widget_type=\"text-editor.default\">\n\t\t\t\t<div class=\"elementor-widget-container\">\n\t\t\t<style>\/*! elementor - v3.23.0 - 05-08-2024 *\/\n.elementor-widget-text-editor.elementor-drop-cap-view-stacked .elementor-drop-cap{background-color:#69727d;color:#fff}.elementor-widget-text-editor.elementor-drop-cap-view-framed .elementor-drop-cap{color:#69727d;border:3px solid;background-color:transparent}.elementor-widget-text-editor:not(.elementor-drop-cap-view-default) .elementor-drop-cap{margin-top:8px}.elementor-widget-text-editor:not(.elementor-drop-cap-view-default) .elementor-drop-cap-letter{width:1em;height:1em}.elementor-widget-text-editor .elementor-drop-cap{float:left;text-align:center;line-height:1;font-size:50px}.elementor-widget-text-editor .elementor-drop-cap-letter{display:inline-block}<\/style>\t\t\t\t<p>Wir, Dr. Cem \u0130PEK und sein Team, bieten Ihnen Dienstleistungen an, bei denen Ihre Gesundheit im Vordergrund steht, und das in einer Umgebung, in der Sie sich wohl und sicher f\u00fchlen. Unser Ziel ist es, Ihnen die besten Behandlungsmethoden anzubieten, mit einem Team, das auf die Bereiche Urologie, Genital\u00e4sthetik, Behandlung von sexuellen St\u00f6rungen und Andrologie spezialisiert ist.<\/p><h2>Bereiche der Spezialisierung<\/h2><p>In der Chirurgie von Dr. Cem \u0130PEK erstellt er die am besten geeigneten Behandlungspl\u00e4ne, wobei er die Bed\u00fcrfnisse jedes einzelnen Patienten ber\u00fccksichtigt und darauf abzielt, Ihre Gesundheit zu verbessern.<\/p><h2>Moderne Technologie und Behandlungsans\u00e4tze<\/h2><p>In unserer Praxis bieten wir Ihnen durch den Einsatz modernster Technik und innovativer Behandlungsmethoden die effektivste Gesundheitsleistung. Unsere auf Urologie, Genital\u00e4sthetik, Behandlung von Sexualst\u00f6rungen und Andrologie spezialisierten \u00c4rzte stehen Ihnen mit zuverl\u00e4ssigen und effektiven L\u00f6sungen zur Seite, die Ihren individuellen Bed\u00fcrfnissen entsprechen.<\/p><h2>Patientenorientierter Service-Ansatz<\/h2><p>Als Dr. Cem \u0130PEK Chirurgie sind uns Ihre Zufriedenheit und Gesundheit sehr wichtig. Wir betreuen jeden unserer Patienten mit einem pers\u00f6nlichen Ansatz und sorgen daf\u00fcr, dass Sie Ihren Behandlungsprozess so verbringen, wie Sie sich am wohlsten und sichersten f\u00fchlen.<\/p><h2>Kontakt und Terminvereinbarung<\/h2><p>Sie k\u00f6nnen uns \u00fcber das Formular im Abschnitt Kontakt und unsere Telefonnummern erreichen, um Gesundheitsdienstleistungen zu erhalten und einen Termin in der Praxis von Dr. Cem \u0130PEK zu vereinbaren. Unser erfahrener Arzt und unser freundliches medizinisches Personal warten hier auf Sie, um Ihnen die beste Behandlung zu bieten. Ver\u00e4nderungen, die einen Unterschied im Sexualleben machen, sind hier.<\/p>\t\t\t\t\t\t<\/div>\n\t\t\t\t<\/div>\n\t\t\t\t<div class=\"elementor-element elementor-element-2c06d40 elementor-widget elementor-widget-image\" data-id=\"2c06d40\" data-element_type=\"widget\" data-widget_type=\"image.default\">\n\t\t\t\t<div class=\"elementor-widget-container\">\n\t\t\t<style>\/*! elementor - v3.23.0 - 05-08-2024 *\/\n.elementor-widget-image{text-align:center}.elementor-widget-image a{display:inline-block}.elementor-widget-image a img[src$=\".svg\"]{width:48px}.elementor-widget-image img{vertical-align:middle;display:inline-block}<\/style>\t\t\t\t\t\t\t\t\t\t<img decoding=\"async\" width=\"350\" height=\"1\" src=\"https:\/\/drcemipek.com\/wp-content\/uploads\/2019\/12\/about-gap.png\" class=\"attachment-full size-full wp-image-1896\" alt=\"\" srcset=\"https:\/\/drcemipek.com\/wp-content\/uploads\/2019\/12\/about-gap.png 350w, https:\/\/drcemipek.com\/wp-content\/uploads\/2019\/12\/about-gap-300x1.png 300w, https:\/\/drcemipek.com\/wp-content\/uploads\/2019\/12\/about-gap-150x1.png 150w\" sizes=\"(max-width: 350px) 100vw, 350px\" \/>\t\t\t\t\t\t\t\t\t\t\t\t\t<\/div>\n\t\t\t\t<\/div>\n\t\t\t\t<div class=\"elementor-element elementor-element-2f5582e elementor-widget elementor-widget-ct_signature\" data-id=\"2f5582e\" data-element_type=\"widget\" data-widget_type=\"ct_signature.default\">\n\t\t\t\t<div class=\"elementor-widget-container\">\n\t\t\t<div class=\"ct-signature1  style1\">\r\n\t        <div class=\"signature-image\">\r\n        \t<img decoding=\"async\" width=\"95\" height=\"85\" src=\"https:\/\/drcemipek.com\/wp-content\/uploads\/2019\/12\/signature.png\" class=\"attachment-full\" alt=\"\" \/>        <\/div>\r\n        <div class=\"signature-meta\">\r\n    \t<h3>Dr. Cem IPEK<\/h3>\r\n    \t<span>Andrologie und Urologie<\/span>\r\n    <\/div>\r\n<\/div>\r\n\t\t<\/div>\n\t\t\t\t<\/div>\n\t\t            <\/div>\n        <\/div>\n                    <\/div>\n        <\/section>\n                    <\/div>\n        <\/div>\n                    <\/div>\n        <\/section>\n        \t\t<\/div>","protected":false},"excerpt":{"rendered":"<p>Op. Dr. Cem IPEK Urology and Andrology Surgery As Dr. Cem \u0130PEK and his team, we provide services by prioritizing your health in an environment that will make you feel comfortable and safe. We aim to offer the best treatment methods for you with a staff specialized in the fields of urology, genital aesthetics, treatment [&hellip;]<\/p>","protected":false},"author":1,"featured_media":0,"parent":0,"menu_order":0,"comment_status":"closed","ping_status":"closed","template":"","meta":{"footnotes":""},"class_list":["post-3493","page","type-page","status-publish","hentry"],"yoast_head":"<!-- This site is optimized with the Yoast SEO Premium plugin v22.5 (Yoast SEO v24.2) - https:\/\/yoast.com\/wordpress\/plugins\/seo\/ -->\n<title>Dr. Cem \u0130pek | Urology &amp; Andrology - Expert Care for Male Health<\/title>\n<meta name=\"description\" content=\"Visit Dr. Cem Ipek&#039;s Urology &amp; Andrology Clinic for expert care in urological and andrological treatments. Our clinic offers comprehensive solutions for men&#039;s health issues with a focus on personalized and effective treatment. Located in Istanbul, Turkey, our clinic welcomes international patients seeking world-class urological care.\" \/>\n<meta name=\"robots\" content=\"index, follow, max-snippet:-1, max-image-preview:large, max-video-preview:-1\" \/>\n<link rel=\"canonical\" href=\"https:\/\/drcemipek.com\/de\/clinic\/\" \/>\n<meta property=\"og:locale\" content=\"de_DE\" \/>\n<meta property=\"og:type\" content=\"article\" \/>\n<meta property=\"og:title\" content=\"Doctor&#039;s Office\" \/>\n<meta property=\"og:description\" content=\"Visit Dr. Cem Ipek&#039;s Urology &amp; Andrology Clinic for expert care in urological and andrological treatments. Our clinic offers comprehensive solutions for men&#039;s health issues with a focus on personalized and effective treatment. Located in Istanbul, Turkey, our clinic welcomes international patients seeking world-class urological care.\" \/>\n<meta property=\"og:url\" content=\"https:\/\/drcemipek.com\/de\/clinic\/\" \/>\n<meta property=\"og:site_name\" content=\"Dr. Cem IPEK urologist | adrologist | istanbul\" \/>\n<meta property=\"article:modified_time\" content=\"2024-09-17T09:07:31+00:00\" \/>\n<meta property=\"og:image\" content=\"https:\/\/drcemipek.com\/wp-content\/uploads\/2024\/08\/IMG_20231027_144754_00_016.jpg\" \/>\n<meta name=\"twitter:card\" content=\"summary_large_image\" \/>\n<meta name=\"twitter:label1\" content=\"Gesch\u00e4tzte Lesezeit\" \/>\n\t<meta name=\"twitter:data1\" content=\"3\u00a0Minuten\" \/>\n<script type=\"application\/ld+json\" class=\"yoast-schema-graph\">{\"@context\":\"https:\/\/schema.org\",\"@graph\":[{\"@type\":\"WebPage\",\"@id\":\"https:\/\/drcemipek.com\/clinic\/\",\"url\":\"https:\/\/drcemipek.com\/clinic\/\",\"name\":\"Dr. Cem \u0130pek | Urology & Andrology - Expert Care for Male Health\",\"isPartOf\":{\"@id\":\"https:\/\/drcemipek.com\/#website\"},\"primaryImageOfPage\":{\"@id\":\"https:\/\/drcemipek.com\/clinic\/#primaryimage\"},\"image\":{\"@id\":\"https:\/\/drcemipek.com\/clinic\/#primaryimage\"},\"thumbnailUrl\":\"https:\/\/drcemipek.com\/wp-content\/uploads\/2024\/08\/IMG_20231027_144754_00_016.jpg\",\"datePublished\":\"2020-02-07T02:16:44+00:00\",\"dateModified\":\"2024-09-17T09:07:31+00:00\",\"description\":\"Visit Dr. Cem Ipek's Urology & Andrology Clinic for expert care in urological and andrological treatments. Our clinic offers comprehensive solutions for men's health issues with a focus on personalized and effective treatment. Located in Istanbul, Turkey, our clinic welcomes international patients seeking world-class urological care.\",\"breadcrumb\":{\"@id\":\"https:\/\/drcemipek.com\/clinic\/#breadcrumb\"},\"inLanguage\":\"de\",\"potentialAction\":[{\"@type\":\"ReadAction\",\"target\":[\"https:\/\/drcemipek.com\/clinic\/\"]}]},{\"@type\":\"ImageObject\",\"inLanguage\":\"de\",\"@id\":\"https:\/\/drcemipek.com\/clinic\/#primaryimage\",\"url\":\"https:\/\/drcemipek.com\/wp-content\/uploads\/2024\/08\/IMG_20231027_144754_00_016.jpg\",\"contentUrl\":\"https:\/\/drcemipek.com\/wp-content\/uploads\/2024\/08\/IMG_20231027_144754_00_016.jpg\"},{\"@type\":\"BreadcrumbList\",\"@id\":\"https:\/\/drcemipek.com\/clinic\/#breadcrumb\",\"itemListElement\":[{\"@type\":\"ListItem\",\"position\":1,\"name\":\"Home\",\"item\":\"https:\/\/drcemipek.com\/\"},{\"@type\":\"ListItem\",\"position\":2,\"name\":\"Doctor&#8217;s Office\"}]},{\"@type\":\"WebSite\",\"@id\":\"https:\/\/drcemipek.com\/#website\",\"url\":\"https:\/\/drcemipek.com\/\",\"name\":\"Dr. Cem IPEK Urolog | urologist | adrologist | istanbul\",\"description\":\"urology istanbul\",\"publisher\":{\"@id\":\"https:\/\/drcemipek.com\/#organization\"},\"potentialAction\":[{\"@type\":\"SearchAction\",\"target\":{\"@type\":\"EntryPoint\",\"urlTemplate\":\"https:\/\/drcemipek.com\/?s={search_term_string}\"},\"query-input\":{\"@type\":\"PropertyValueSpecification\",\"valueRequired\":true,\"valueName\":\"search_term_string\"}}],\"inLanguage\":\"de\"},{\"@type\":\"Organization\",\"@id\":\"https:\/\/drcemipek.com\/#organization\",\"name\":\"Dr. Cem IPEK Urolog | urologist | adrologist | istanbul\",\"url\":\"https:\/\/drcemipek.com\/\",\"logo\":{\"@type\":\"ImageObject\",\"inLanguage\":\"de\",\"@id\":\"https:\/\/drcemipek.com\/#\/schema\/logo\/image\/\",\"url\":\"https:\/\/drcemipek.com\/wp-content\/uploads\/2024\/08\/fav.png\",\"contentUrl\":\"https:\/\/drcemipek.com\/wp-content\/uploads\/2024\/08\/fav.png\",\"width\":512,\"height\":512,\"caption\":\"Dr. Cem IPEK Urolog | urologist | adrologist | istanbul\"},\"image\":{\"@id\":\"https:\/\/drcemipek.com\/#\/schema\/logo\/image\/\"}}]}<\/script>\n<!-- \/ Yoast SEO Premium plugin. -->","yoast_head_json":{"title":"Dr. Cem \u0130pek | Urology & Andrology - Expert Care for Male Health","description":"Visit Dr. Cem Ipek's Urology & Andrology Clinic for expert care in urological and andrological treatments. Our clinic offers comprehensive solutions for men's health issues with a focus on personalized and effective treatment. Located in Istanbul, Turkey, our clinic welcomes international patients seeking world-class urological care.","robots":{"index":"index","follow":"follow","max-snippet":"max-snippet:-1","max-image-preview":"max-image-preview:large","max-video-preview":"max-video-preview:-1"},"canonical":"https:\/\/drcemipek.com\/de\/clinic\/","og_locale":"de_DE","og_type":"article","og_title":"Doctor's Office","og_description":"Visit Dr. Cem Ipek's Urology & Andrology Clinic for expert care in urological and andrological treatments. Our clinic offers comprehensive solutions for men's health issues with a focus on personalized and effective treatment. Located in Istanbul, Turkey, our clinic welcomes international patients seeking world-class urological care.","og_url":"https:\/\/drcemipek.com\/de\/clinic\/","og_site_name":"Dr. Cem IPEK urologist | adrologist | istanbul","article_modified_time":"2024-09-17T09:07:31+00:00","og_image":[{"url":"https:\/\/drcemipek.com\/wp-content\/uploads\/2024\/08\/IMG_20231027_144754_00_016.jpg","type":"","width":"","height":""}],"twitter_card":"summary_large_image","twitter_misc":{"Gesch\u00e4tzte Lesezeit":"3\u00a0Minuten"},"schema":{"@context":"https:\/\/schema.org","@graph":[{"@type":"WebPage","@id":"https:\/\/drcemipek.com\/clinic\/","url":"https:\/\/drcemipek.com\/clinic\/","name":"Dr. Cem \u0130pek | Urology & Andrology - Expert Care for Male Health","isPartOf":{"@id":"https:\/\/drcemipek.com\/#website"},"primaryImageOfPage":{"@id":"https:\/\/drcemipek.com\/clinic\/#primaryimage"},"image":{"@id":"https:\/\/drcemipek.com\/clinic\/#primaryimage"},"thumbnailUrl":"https:\/\/drcemipek.com\/wp-content\/uploads\/2024\/08\/IMG_20231027_144754_00_016.jpg","datePublished":"2020-02-07T02:16:44+00:00","dateModified":"2024-09-17T09:07:31+00:00","description":"Visit Dr. Cem Ipek's Urology & Andrology Clinic for expert care in urological and andrological treatments. Our clinic offers comprehensive solutions for men's health issues with a focus on personalized and effective treatment. Located in Istanbul, Turkey, our clinic welcomes international patients seeking world-class urological care.","breadcrumb":{"@id":"https:\/\/drcemipek.com\/clinic\/#breadcrumb"},"inLanguage":"de","potentialAction":[{"@type":"ReadAction","target":["https:\/\/drcemipek.com\/clinic\/"]}]},{"@type":"ImageObject","inLanguage":"de","@id":"https:\/\/drcemipek.com\/clinic\/#primaryimage","url":"https:\/\/drcemipek.com\/wp-content\/uploads\/2024\/08\/IMG_20231027_144754_00_016.jpg","contentUrl":"https:\/\/drcemipek.com\/wp-content\/uploads\/2024\/08\/IMG_20231027_144754_00_016.jpg"},{"@type":"BreadcrumbList","@id":"https:\/\/drcemipek.com\/clinic\/#breadcrumb","itemListElement":[{"@type":"ListItem","position":1,"name":"Home","item":"https:\/\/drcemipek.com\/"},{"@type":"ListItem","position":2,"name":"Doctor&#8217;s Office"}]},{"@type":"WebSite","@id":"https:\/\/drcemipek.com\/#website","url":"https:\/\/drcemipek.com\/","name":"Dr. Cem IPEK Urolog | urologist | adrologist | istanbul","description":"urology istanbul","publisher":{"@id":"https:\/\/drcemipek.com\/#organization"},"potentialAction":[{"@type":"SearchAction","target":{"@type":"EntryPoint","urlTemplate":"https:\/\/drcemipek.com\/?s={search_term_string}"},"query-input":{"@type":"PropertyValueSpecification","valueRequired":true,"valueName":"search_term_string"}}],"inLanguage":"de"},{"@type":"Organization","@id":"https:\/\/drcemipek.com\/#organization","name":"Dr. Cem IPEK Urolog | urologist | adrologist | istanbul","url":"https:\/\/drcemipek.com\/","logo":{"@type":"ImageObject","inLanguage":"de","@id":"https:\/\/drcemipek.com\/#\/schema\/logo\/image\/","url":"https:\/\/drcemipek.com\/wp-content\/uploads\/2024\/08\/fav.png","contentUrl":"https:\/\/drcemipek.com\/wp-content\/uploads\/2024\/08\/fav.png","width":512,"height":512,"caption":"Dr. Cem IPEK Urolog | urologist | adrologist | istanbul"},"image":{"@id":"https:\/\/drcemipek.com\/#\/schema\/logo\/image\/"}}]}},"_links":{"self":[{"href":"https:\/\/drcemipek.com\/de\/wp-json\/wp\/v2\/pages\/3493","targetHints":{"allow":["GET"]}}],"collection":[{"href":"https:\/\/drcemipek.com\/de\/wp-json\/wp\/v2\/pages"}],"about":[{"href":"https:\/\/drcemipek.com\/de\/wp-json\/wp\/v2\/types\/page"}],"author":[{"embeddable":true,"href":"https:\/\/drcemipek.com\/de\/wp-json\/wp\/v2\/users\/1"}],"replies":[{"embeddable":true,"href":"https:\/\/drcemipek.com\/de\/wp-json\/wp\/v2\/comments?post=3493"}],"version-history":[{"count":5,"href":"https:\/\/drcemipek.com\/de\/wp-json\/wp\/v2\/pages\/3493\/revisions"}],"predecessor-version":[{"id":5451,"href":"https:\/\/drcemipek.com\/de\/wp-json\/wp\/v2\/pages\/3493\/revisions\/5451"}],"wp:attachment":[{"href":"https:\/\/drcemipek.com\/de\/wp-json\/wp\/v2\/media?parent=3493"}],"curies":[{"name":"wp","href":"https:\/\/api.w.org\/{rel}","templated":true}]}}